{"id":12700,"date":"2024-10-29T17:22:16","date_gmt":"2024-10-29T16:22:16","guid":{"rendered":"https:\/\/urbiz.mfmdigital.ovh\/\/?page_id=12700"},"modified":"2024-11-06T09:39:43","modified_gmt":"2024-11-06T08:39:43","slug":"tutorial","status":"publish","type":"page","link":"https:\/\/urbiz.mfmdigital.ovh\/fr\/tutorial\/","title":{"rendered":"tutorial"},"content":{"rendered":"\t\t<div data-elementor-type=\"wp-page\" data-elementor-id=\"12700\" class=\"elementor elementor-12700\" data-elementor-post-type=\"page\">\n\t\t\t\t\t\t<section class=\"elementor-section elementor-top-section elementor-element elementor-element-5eb38d2 elementor-section-boxed elementor-section-height-default elementor-section-height-default\" data-id=\"5eb38d2\" data-element_type=\"section\">\n\t\t\t\t\t\t<div class=\"elementor-container elementor-column-gap-default\">\n\t\t\t\t\t<div class=\"elementor-column elementor-col-100 elementor-top-column elementor-element elementor-element-16e3e28\" data-id=\"16e3e28\" data-element_type=\"column\">\n\t\t\t<div class=\"elementor-widget-wrap elementor-element-populated\">\n\t\t\t\t\t\t<div class=\"elementor-element elementor-element-973ee10 elementor-widget elementor-widget-heading\" data-id=\"973ee10\" data-element_type=\"widget\" data-widget_type=\"heading.default\">\n\t\t\t\t<div class=\"elementor-widget-container\">\n\t\t\t\t\t<h1 class=\"elementor-heading-title elementor-size-default\">Vous rencontrez un probl\u00e8me technique ?<\/h1>\t\t\t\t<\/div>\n\t\t\t\t<\/div>\n\t\t\t\t<div class=\"elementor-element elementor-element-1e23297 elementor-widget elementor-widget-text-editor\" data-id=\"1e23297\" data-element_type=\"widget\" data-widget_type=\"text-editor.default\">\n\t\t\t\t<div class=\"elementor-widget-container\">\n\t\t\t\t\t\t\t\t\t<p style=\"text-align: center;\">En cas de probl\u00e8me technique, n&rsquo;h\u00e9sitez pas \u00e0 nous laisser un message via Marker.io<br \/>Consultez le tutoriel vid\u00e9o pour savoir comment l&rsquo;utiliser<\/p>\t\t\t\t\t\t\t\t<\/div>\n\t\t\t\t<\/div>\n\t\t\t\t<div class=\"elementor-element elementor-element-ab09d57 elementor-hidden-desktop elementor-hidden-tablet elementor-widget elementor-widget-video\" data-id=\"ab09d57\" data-element_type=\"widget\" data-settings=\"{&quot;youtube_url&quot;:&quot;https:\\\/\\\/www.youtube.com\\\/watch?v=Eu9Y6GCdWjk&quot;,&quot;yt_privacy&quot;:&quot;yes&quot;,&quot;lazy_load&quot;:&quot;yes&quot;,&quot;video_type&quot;:&quot;youtube&quot;,&quot;controls&quot;:&quot;yes&quot;}\" data-widget_type=\"video.default\">\n\t\t\t\t<div class=\"elementor-widget-container\">\n\t\t\t\t\t\t\t<div class=\"elementor-wrapper elementor-open-inline\">\n\t\t\t<div class=\"elementor-video\"><\/div>\t\t<\/div>\n\t\t\t\t\t\t<\/div>\n\t\t\t\t<\/div>\n\t\t\t\t<div class=\"elementor-element elementor-element-ddf1c84 elementor-hidden-mobile elementor-widget elementor-widget-video\" data-id=\"ddf1c84\" data-element_type=\"widget\" data-settings=\"{&quot;youtube_url&quot;:&quot;https:\\\/\\\/www.youtube.com\\\/watch?v=YfqLz6HNy10&quot;,&quot;yt_privacy&quot;:&quot;yes&quot;,&quot;video_type&quot;:&quot;youtube&quot;,&quot;controls&quot;:&quot;yes&quot;}\" data-widget_type=\"video.default\">\n\t\t\t\t<div class=\"elementor-widget-container\">\n\t\t\t\t\t\t\t<div class=\"elementor-wrapper elementor-open-inline\">\n\t\t\t<div class=\"elementor-video\"><\/div>\t\t<\/div>\n\t\t\t\t\t\t<\/div>\n\t\t\t\t<\/div>\n\t\t\t\t\t<\/div>\n\t\t<\/div>\n\t\t\t\t\t<\/div>\n\t\t<\/section>\n\t\t\t\t<\/div>\n\t\t","protected":false},"excerpt":{"rendered":"<p>Vous rencontrez un probl\u00e8me technique ? En cas de probl\u00e8me technique, n&rsquo;h\u00e9sitez pas \u00e0 nous laisser un message via Marker.ioConsultez le tutoriel vid\u00e9o pour savoir comment l&rsquo;utiliser https:\/\/www.youtube.com\/watch?v=Eu9Y6GCdWjkhttps:\/\/www.youtube.com\/watch?v=YfqLz6HNy10<\/p>\n","protected":false},"author":1,"featured_media":0,"parent":0,"menu_order":0,"comment_status":"closed","ping_status":"closed","template":"","meta":{"_acf_changed":false,"footnotes":""},"class_list":["post-12700","page","type-page","status-publish","hentry"],"acf":[],"_links":{"self":[{"href":"https:\/\/urbiz.mfmdigital.ovh\/fr\/wp-json\/wp\/v2\/pages\/12700","targetHints":{"allow":["GET"]}}],"collection":[{"href":"https:\/\/urbiz.mfmdigital.ovh\/fr\/wp-json\/wp\/v2\/pages"}],"about":[{"href":"https:\/\/urbiz.mfmdigital.ovh\/fr\/wp-json\/wp\/v2\/types\/page"}],"author":[{"embeddable":true,"href":"https:\/\/urbiz.mfmdigital.ovh\/fr\/wp-json\/wp\/v2\/users\/1"}],"replies":[{"embeddable":true,"href":"https:\/\/urbiz.mfmdigital.ovh\/fr\/wp-json\/wp\/v2\/comments?post=12700"}],"version-history":[{"count":100,"href":"https:\/\/urbiz.mfmdigital.ovh\/fr\/wp-json\/wp\/v2\/pages\/12700\/revisions"}],"predecessor-version":[{"id":13089,"href":"https:\/\/urbiz.mfmdigital.ovh\/fr\/wp-json\/wp\/v2\/pages\/12700\/revisions\/13089"}],"wp:attachment":[{"href":"https:\/\/urbiz.mfmdigital.ovh\/fr\/wp-json\/wp\/v2\/media?parent=12700"}],"curies":[{"name":"wp","href":"https:\/\/api.w.org\/{rel}","templated":true}]}}