{"id":3331,"date":"2022-11-07T14:44:47","date_gmt":"2022-11-07T13:44:47","guid":{"rendered":"https:\/\/urbiz.mfmdigital.ovh\/\/?page_id=3331"},"modified":"2024-09-09T16:11:45","modified_gmt":"2024-09-09T14:11:45","slug":"politique-de-gestions-des-cookies","status":"publish","type":"page","link":"https:\/\/urbiz.mfmdigital.ovh\/fr\/politique-de-gestions-des-cookies\/","title":{"rendered":"Politique de gestion des cookies"},"content":{"rendered":"\t\t<div data-elementor-type=\"wp-page\" data-elementor-id=\"3331\" class=\"elementor elementor-3331\" data-elementor-post-type=\"page\">\n\t\t\t\t\t\t<section class=\"elementor-section elementor-top-section elementor-element elementor-element-ed11bf5 elementor-section-boxed elementor-section-height-default elementor-section-height-default\" data-id=\"ed11bf5\" data-element_type=\"section\">\n\t\t\t\t\t\t<div class=\"elementor-container elementor-column-gap-default\">\n\t\t\t\t\t<div class=\"elementor-column elementor-col-100 elementor-top-column elementor-element elementor-element-4e1ebf4\" data-id=\"4e1ebf4\" data-element_type=\"column\">\n\t\t\t<div class=\"elementor-widget-wrap elementor-element-populated\">\n\t\t\t\t\t\t<div class=\"elementor-element elementor-element-b49cd6a elementor-widget elementor-widget-text-editor\" data-id=\"b49cd6a\" data-element_type=\"widget\" data-widget_type=\"text-editor.default\">\n\t\t\t\t<div class=\"elementor-widget-container\">\n\t\t\t\t\t\t\t\t\t<h1 style=\"text-transform: uppercase; text-align: center;\">Politique de gestion des cookies<\/h1><h3>Qu\u2019est-ce qu\u2019un cookie?<\/h3><p class=\"\">Un cookie est un petit fichier texte qui peut \u00eatre conserv\u00e9 sur votre ordinateur lorsque vous visitez des sites Internet. Des informations sont enregistr\u00e9es dans ce fichier texte, comme par exemple votre choix de langue pour un site Internet. Lorsque vous visitez \u00e0 nouveau le site Internet ult\u00e9rieurement, ce cookie est renvoy\u00e9 au site en question. De cette mani\u00e8re, le site Internet reconna\u00eet votre navigateur et peut par exemple retenir votre choix de langue.<\/p><p class=\"\">Les cookies ont g\u00e9n\u00e9ralement aussi une date d&rsquo;expiration. Par exemple, certains cookies sont automatiquement supprim\u00e9s lorsque vous fermez votre navigateur (ce que l&rsquo;on appelle les cookies de session),\u00a0tandis que d&rsquo;autres restent plus longtemps sur votre ordinateur, parfois m\u00eame jusqu&rsquo;\u00e0 ce que vous les supprimiez manuellement (ce que l&rsquo;on appelle les cookies permanents).<\/p><p class=\"\">Notre site web utilise des cookies. Certains cookies sont n\u00e9cessaires au bon fonctionnement du site web et ne peuvent \u00eatre refus\u00e9s si vous souhaitez visiter le site web. D&rsquo;autres cookies sont utilis\u00e9s pour d\u2019autres finalit\u00e9s expliqu\u00e9es en d\u00e9tail ci-dessous. Vous pouvez les <a class=\"ref-cookie\" href=\"#\">refuser<\/a> si vous le souhaitez.<\/p><h3>Pourquoi utilisons-nous des cookies?<\/h3><p class=\"\">URBIZ utilise sur son site internet <a href=\"https:\/\/urbiz.mfmdigital.ovh\/ \">https:\/\/urbiz.mfmdigital.ovh\/<\/a> diff\u00e9rents types de cookies\u00a0:<\/p><ul><li>des cookies techniquement essentiels et \u00e0 finalit\u00e9s fonctionnelles ;<\/li><li>des cookies \u00e0 finalit\u00e9s de partage sur les r\u00e9seaux sociaux ;<\/li><li>des cookies \u00e0 finalit\u00e9s de lecture de vid\u00e9os ;<\/li><li>des cookies \u00e0 finalit\u00e9s analytiques.<\/li><\/ul><p class=\"\">URBIZ utilise\u00a0:<\/p><ul><li><b>WordPress<\/b>, <b>PHP<\/b> et <b>WPML<\/b> pour <b>g\u00e9rer son site Internet<\/b> et son contenu. Ce logiciel utilise des cookies techniquement <b>essentiels<\/b>. Cela signifie que ces cookies sont n\u00e9cessaires au bon fonctionnement du pr\u00e9sent site Internet. Il n\u2019est pas possible de refuser ces cookies si vous voulez visiter notre site Internet.<\/li><\/ul><ul><li><b>Google Analytics<\/b> pour des\u00a0finalit\u00e9s analytiques. Cet outil d\u2019analyse installe des cookies que nous utilisons pour quantifier les visites (le trafic) sur le site Internet. Cela nous permet notamment de savoir combien de fois une page d\u00e9termin\u00e9e a \u00e9t\u00e9 lue. Nous utilisons ces informations uniquement pour am\u00e9liorer le contenu de notre site Internet ou comme base pour une nouvelle campagne sur un certain sujet suscitant beaucoup d\u2019int\u00e9r\u00eat.<\/li><\/ul><ul><li><b>Youtube<\/b> pour permettre la\u00a0lecture de vid\u00e9os\u00a0sur son site.<\/li><\/ul><p class=\"\">L\u2019utilisation de ces cookies\u00a0tierce partie\u00a0est soumise \u00e0 votre consentement pr\u00e9alable. Vous pouvez donc refuser que ces cookies soient install\u00e9s sur votre appareil. L\u00b4acc\u00e8s \u00e0 notre site ne vous sera pas, pour autant, refus\u00e9. Toutefois, certaines fonctionnalit\u00e9s risquent de ne pas \u00eatre disponibles.<\/p><h3>Aper\u00e7u des cookies<\/h3><table><tbody><tr><th>Cookie<\/th><th>Type<\/th><th>Dur\u00e9e<\/th><th>Description<\/th><th>Activ\u00e9\/d\u00e9sactiv\u00e9<\/th><\/tr><tr><td>N\u00e9cessaires<\/td><td>Nom du cookie<\/td><td>Permanent \/ session\/ 1 an\/ 1 mois\u2026<\/td><td>Utilit\u00e9 du cookie<\/td><td>\u00a0<\/td><\/tr><tr><td>\u00a0<\/td><td>\u00a0<\/td><td>\u00a0<\/td><td>\u00a0<\/td><td>\u00a0<\/td><\/tr><tr><td>\u00a0<\/td><td>\u00a0<\/td><td>\u00a0<\/td><td>\u00a0<\/td><td>\u00a0<\/td><\/tr><tr><td>Statistiques<\/td><td>Nom du cookie<\/td><td>Permanent \/ session\/ 1an\/ 1 mois&#8230;<\/td><td>Utilit\u00e9 du cookie<\/td><td>\u00a0<\/td><\/tr><tr><td>\u00a0<\/td><td>\u00a0<\/td><td>\u00a0<\/td><td>\u00a0<\/td><td>\u00a0<\/td><\/tr><tr><td>\u00a0<\/td><td>\u00a0<\/td><td>\u00a0<\/td><td>\u00a0<\/td><td>\u00a0<\/td><\/tr><tr><td>\u00a0<\/td><td>\u00a0<\/td><td>\u00a0<\/td><td>\u00a0<\/td><td>\u00a0<\/td><\/tr><tr><td>Marketing\/r\u00e9seaux sociaux<\/td><td>Nom du cookie<\/td><td>Permanent \/ session\/ 1an\/ 1mois&#8230;<\/td><td>Utilit\u00e9 du cookie<\/td><td>\u00a0<\/td><\/tr><tr><td>\u00a0<\/td><td>\u00a0<\/td><td>\u00a0<\/td><td>\u00a0<\/td><td>\u00a0<\/td><\/tr><tr><td>\u00a0<\/td><td>\u00a0<\/td><td>\u00a0<\/td><td>\u00a0<\/td><td>\u00a0<\/td><\/tr><tr><td>\u00a0<\/td><td>\u00a0<\/td><td>\u00a0<\/td><td>\u00a0<\/td><td>\u00a0<\/td><\/tr><\/tbody><\/table><h3>Comment voir quels cookies sont install\u00e9s sur votre appareil et comment les supprimer?<\/h3><p class=\"\">Si vous voulez savoir quels cookies sont install\u00e9s sur votre appareil ou si vous souhaitez les supprimer, vous pouvez utiliser un param\u00e8tre de votre navigateur. Vous trouverez davantage d&rsquo;explications sur la mani\u00e8re de proc\u00e9der via les liens ci-dessous\u00a0:<\/p><table><tbody><tr><td><a href=\"https:\/\/support.mozilla.org\/fr\/kb\/effacer-les-cookies-pour-supprimer-les-information\"> Firefox<\/a><\/td><td><a href=\"https:\/\/support.google.com\/chrome\/answer\/95647?hl=fr\">Chrome <\/a><\/td><td><a href=\"https:\/\/support.apple.com\/fr-be\/guide\/safari\/manage-cookies-and-website-data-sfri11471\/mac\"> Safari <\/a><\/td><td><a href=\"https:\/\/support.microsoft.com\/fr-be\/help\/17442\/windows-internet-explorer-delete-manage-cookies\"> Internet Explorer <\/a><\/td><\/tr><tr><td><a href=\"https:\/\/support.mozilla.org\/fr\/kb\/supprimer-donnees-perso-firefox-android\"> Firefox (mobile)<\/a><\/td><td><a href=\"https:\/\/support.google.com\/chrome\/answer\/95647?hl=fr\"> Chrome (mobile)<\/a><\/td><td><a href=\"https:\/\/support.apple.com\/fr-be\/HT201265\"> Safari (mobile)<\/a><\/td><td><a href=\"https:\/\/support.microsoft.com\/fr-be\/help\/4027947\/windows-delete-cookies\"> Microsoft Edge<\/a><\/td><\/tr><\/tbody><\/table><p class=\"\">Vous utilisez un autre navigateur ? V\u00e9rifiez si la proc\u00e9dure pour votre navigateur est reprise sur le site Internet <a href=\"https:\/\/allaboutcookies.org\/how-to-manage-cookies\" target=\"_blank\" rel=\"noopener\">www.allaboutcookies.org\/manage-cookies<\/a>. Ce site est uniquement disponible en anglais.<\/p><p>L\u00b4acc\u00e8s \u00e0 notre site ne vous sera pas, pour autant, refus\u00e9.\u00a0Toutefois, certaines fonctionnalit\u00e9s risquent de ne pas \u00eatre disponibles.<\/p>\t\t\t\t\t\t\t\t<\/div>\n\t\t\t\t<\/div>\n\t\t\t\t\t<\/div>\n\t\t<\/div>\n\t\t\t\t\t<\/div>\n\t\t<\/section>\n\t\t\t\t<\/div>\n\t\t","protected":false},"excerpt":{"rendered":"<p>Politique de gestion des cookies Qu\u2019est-ce qu\u2019un cookie? Un cookie est un petit fichier texte qui peut \u00eatre conserv\u00e9 sur votre ordinateur lorsque vous visitez des sites Internet. Des informations sont enregistr\u00e9es dans ce fichier texte, comme par exemple votre choix de langue pour un site Internet. Lorsque vous visitez \u00e0 nouveau le site Internet [&hellip;]<\/p>\n","protected":false},"author":1,"featured_media":0,"parent":0,"menu_order":0,"comment_status":"closed","ping_status":"closed","template":"","meta":{"_acf_changed":false,"footnotes":""},"class_list":["post-3331","page","type-page","status-publish","hentry"],"acf":[],"_links":{"self":[{"href":"https:\/\/urbiz.mfmdigital.ovh\/fr\/wp-json\/wp\/v2\/pages\/3331","targetHints":{"allow":["GET"]}}],"collection":[{"href":"https:\/\/urbiz.mfmdigital.ovh\/fr\/wp-json\/wp\/v2\/pages"}],"about":[{"href":"https:\/\/urbiz.mfmdigital.ovh\/fr\/wp-json\/wp\/v2\/types\/page"}],"author":[{"embeddable":true,"href":"https:\/\/urbiz.mfmdigital.ovh\/fr\/wp-json\/wp\/v2\/users\/1"}],"replies":[{"embeddable":true,"href":"https:\/\/urbiz.mfmdigital.ovh\/fr\/wp-json\/wp\/v2\/comments?post=3331"}],"version-history":[{"count":38,"href":"https:\/\/urbiz.mfmdigital.ovh\/fr\/wp-json\/wp\/v2\/pages\/3331\/revisions"}],"predecessor-version":[{"id":10558,"href":"https:\/\/urbiz.mfmdigital.ovh\/fr\/wp-json\/wp\/v2\/pages\/3331\/revisions\/10558"}],"wp:attachment":[{"href":"https:\/\/urbiz.mfmdigital.ovh\/fr\/wp-json\/wp\/v2\/media?parent=3331"}],"curies":[{"name":"wp","href":"https:\/\/api.w.org\/{rel}","templated":true}]}}