{"id":8133,"date":"2024-08-09T12:05:06","date_gmt":"2024-08-09T10:05:06","guid":{"rendered":"https:\/\/urbiz.mfmdigital.ovh\/\/?page_id=8133"},"modified":"2024-12-10T14:30:23","modified_gmt":"2024-12-10T13:30:23","slug":"contact","status":"publish","type":"page","link":"https:\/\/urbiz.mfmdigital.ovh\/fr\/contact\/","title":{"rendered":"Contact"},"content":{"rendered":"\t\t<div data-elementor-type=\"wp-page\" data-elementor-id=\"8133\" class=\"elementor elementor-8133\" data-elementor-post-type=\"page\">\n\t\t\t\t\t\t<section class=\"elementor-section elementor-top-section elementor-element elementor-element-4f7cbd0 elementor-section-boxed elementor-section-height-default elementor-section-height-default\" data-id=\"4f7cbd0\" data-element_type=\"section\">\n\t\t\t\t\t\t<div class=\"elementor-container elementor-column-gap-default\">\n\t\t\t\t\t<div class=\"elementor-column elementor-col-100 elementor-top-column elementor-element elementor-element-9c9f1ac\" data-id=\"9c9f1ac\" data-element_type=\"column\">\n\t\t\t<div class=\"elementor-widget-wrap elementor-element-populated\">\n\t\t\t\t\t\t<div class=\"elementor-element elementor-element-d0bcb79 elementor-widget elementor-widget-heading\" data-id=\"d0bcb79\" data-element_type=\"widget\" data-widget_type=\"heading.default\">\n\t\t\t\t<div class=\"elementor-widget-container\">\n\t\t\t\t\t<h2 class=\"elementor-heading-title elementor-size-default\">Comment pouvons-nous vous aider?<\/h2>\t\t\t\t<\/div>\n\t\t\t\t<\/div>\n\t\t\t\t<div class=\"elementor-element elementor-element-2e5e538 elementor-widget elementor-widget-text-editor\" data-id=\"2e5e538\" data-element_type=\"widget\" data-widget_type=\"text-editor.default\">\n\t\t\t\t<div class=\"elementor-widget-container\">\n\t\t\t\t\t\t\t\t\t<p style='margin=0'>Votre exp\u00e9rience chez URBIZ est importante pour nous.<\/p>\n<p style='margin=0'>\nSi vous avez besoin d&rsquo;aide ou si vous souhaitez discuter d&rsquo;une demande particuli\u00e8re, nous sommes disponibles pour vous accompagner \u00e0 chaque \u00e9tape.<\/p>\n<p style='margin=0'>\nNous sommes \u00e0 votre \u00e9coute !\n<\/p>\t\t\t\t\t\t\t\t<\/div>\n\t\t\t\t<\/div>\n\t\t\t\t\t<\/div>\n\t\t<\/div>\n\t\t\t\t\t<\/div>\n\t\t<\/section>\n\t\t\t\t<section class=\"elementor-section elementor-top-section elementor-element elementor-element-1cc7055 elementor-section-full_width elementor-section-stretched elementor-section-height-default elementor-section-height-default\" data-id=\"1cc7055\" data-element_type=\"section\" data-settings=\"{&quot;background_background&quot;:&quot;classic&quot;,&quot;stretch_section&quot;:&quot;section-stretched&quot;}\">\n\t\t\t\t\t\t<div class=\"elementor-container elementor-column-gap-default\">\n\t\t\t\t\t<div class=\"elementor-column elementor-col-50 elementor-top-column elementor-element elementor-element-150b48d\" data-id=\"150b48d\" data-element_type=\"column\">\n\t\t\t<div class=\"elementor-widget-wrap elementor-element-populated\">\n\t\t\t\t\t\t<div class=\"elementor-element elementor-element-a4f807d elementor-widget__width-initial elementor-widget elementor-widget-text-editor\" data-id=\"a4f807d\" data-element_type=\"widget\" data-widget_type=\"text-editor.default\">\n\t\t\t\t<div class=\"elementor-widget-container\">\n\t\t\t\t\t\t\t\t\t<p style=\"text-align: center;\"><strong>Pour nous contacter<\/strong><\/p><p>Email :\u00a0<a href=\"mailto:hello@urbiz.mfmdigital.ovh\">hello@urbiz.mfmdigital.ovh<\/a><\/p><p>T\u00e9l\u00e9phone : <a href=\"tel:003228809694\">+32 2 880 96 94<\/a><\/p><p>Adresse :\u00a0<a href=\"https:\/\/maps.app.goo.gl\/gEuDMGS8TKdpJEfr6\" target=\"_blank\" rel=\"noopener\">Rue Middelbourg 64b, 1170 Watermael-Boitsfort<\/a><\/p><p><a href=\"https:\/\/urbiz.mfmdigital.ovh\/fr\/tutorial\/\">Vous avez un probl\u00e8me technique ? Cliquez ici<\/a><\/p>\t\t\t\t\t\t\t\t<\/div>\n\t\t\t\t<\/div>\n\t\t\t\t\t<\/div>\n\t\t<\/div>\n\t\t\t\t<div class=\"elementor-column elementor-col-50 elementor-top-column elementor-element elementor-element-1289600\" data-id=\"1289600\" data-element_type=\"column\">\n\t\t\t<div class=\"elementor-widget-wrap elementor-element-populated\">\n\t\t\t\t\t\t<div class=\"elementor-element elementor-element-3a00e75 elementor-widget__width-initial elementor-widget elementor-widget-text-editor\" data-id=\"3a00e75\" data-element_type=\"widget\" data-widget_type=\"text-editor.default\">\n\t\t\t\t<div class=\"elementor-widget-container\">\n\t\t\t\t\t\t\t\t\t<p style=\"text-align: center;\"><strong>Ou via ce formulaire<\/strong><\/p>\t\t\t\t\t\t\t\t<\/div>\n\t\t\t\t<\/div>\n\t\t\t\t<div class=\"elementor-element elementor-element-3480c69 elementor-widget__width-initial contactForm elementor-widget-tablet__width-initial elementor-widget elementor-widget-shortcode\" data-id=\"3480c69\" data-element_type=\"widget\" data-widget_type=\"shortcode.default\">\n\t\t\t\t<div class=\"elementor-widget-container\">\n\t\t\t\t\t\t\t<div class=\"elementor-shortcode\"><div class=\"forminator-ui forminator-custom-form forminator-custom-form-2456   forminator_ajax\" data-forminator-render=\"0\" data-form=\"forminator-module-2456\" data-uid=\"69e61386a291d\"><br\/><\/div><form\r\n\t\t\t\tid=\"forminator-module-2456\"\r\n\t\t\t\tclass=\"forminator-ui forminator-custom-form forminator-custom-form-2456   forminator_ajax\"\r\n\t\t\t\tmethod=\"post\"\r\n\t\t\t\tdata-forminator-render=\"0\"\r\n\t\t\t\tdata-form-id=\"2456\"\r\n\t\t\t\t\r\n\t\t\t\tdata-design=\"none\"\r\n\t\t\t\t\r\n\t\t\t\t\r\n\t\t\t\t\r\n\t\t\t\tdata-grid=\"open\"\r\n\t\t\t\t\r\n\t\t\t\t\r\n\t\t\t\tstyle=\"display: none;\"\r\n\t\t\t\t\r\n\t\t\t\tdata-uid=\"69e61386a291d\"\r\n\t\t\t><div role=\"alert\" aria-live=\"polite\" class=\"forminator-response-message forminator-error\" aria-hidden=\"true\"><\/div><div class=\"forminator-row\"><div id=\"name-1\" class=\"forminator-field-name forminator-col forminator-col-6 \"><div class=\"forminator-field\"><label for=\"forminator-field-name-1_69e61386a291d\" id=\"forminator-field-name-1_69e61386a291d-label\" class=\"forminator-label\">Nom <span class=\"forminator-required\">*<\/span><\/label><input type=\"text\" name=\"name-1\" value=\"\" placeholder=\"\" id=\"forminator-field-name-1_69e61386a291d\" class=\"forminator-input forminator-name--field\" aria-required=\"true\" \/><\/div><\/div><div id=\"name-2\" class=\"forminator-field-name forminator-col forminator-col-6 \"><div class=\"forminator-field\"><label for=\"forminator-field-name-2_69e61386a291d\" id=\"forminator-field-name-2_69e61386a291d-label\" class=\"forminator-label\">Pr\u00e9nom <span class=\"forminator-required\">*<\/span><\/label><input type=\"text\" name=\"name-2\" value=\"\" placeholder=\"\" id=\"forminator-field-name-2_69e61386a291d\" class=\"forminator-input forminator-name--field\" aria-required=\"true\" \/><\/div><\/div><\/div><div class=\"forminator-row\"><div id=\"email-1\" class=\"forminator-field-email forminator-col forminator-col-6 \"><div class=\"forminator-field\"><label for=\"forminator-field-email-1_69e61386a291d\" id=\"forminator-field-email-1_69e61386a291d-label\" class=\"forminator-label\">E-mail <span class=\"forminator-required\">*<\/span><\/label><input type=\"email\" name=\"email-1\" value=\"\" placeholder=\"\" id=\"forminator-field-email-1_69e61386a291d\" class=\"forminator-input forminator-email--field\" data-required=\"true\" aria-required=\"true\" \/><\/div><\/div><div id=\"phone-1\" class=\"forminator-field-phone forminator-col forminator-col-6 \"><div class=\"forminator-field\"><label for=\"forminator-field-phone-1_69e61386a291d\" id=\"forminator-field-phone-1_69e61386a291d-label\" class=\"forminator-label\">T\u00e9l\u00e9phone<\/label><input type=\"text\" name=\"phone-1\" value=\"\" placeholder=\"\" id=\"forminator-field-phone-1_69e61386a291d\" class=\"forminator-input forminator-field--phone\" data-required=\"\" aria-required=\"false\" autocomplete=\"off\" \/><\/div><\/div><\/div><div class=\"forminator-row\"><div id=\"select-1\" class=\"forminator-field-select forminator-col forminator-col-12  specialLabel\"><div class=\"forminator-field\"><label for=\"forminator-form-2456__field--select-1_69e61386a291d\" id=\"forminator-form-2456__field--select-1_69e61386a291d-label\" class=\"forminator-label\">Vous \u00eates ? <span class=\"forminator-required\">*<\/span><\/label><select  id=\"forminator-form-2456__field--select-1_69e61386a291d\" class=\"forminator-select--field forminator-select2 forminator-select2-multiple\" data-required=\"1\" name=\"select-1\" data-default-value=\"\" data-placeholder=\"Vous \u00eates ?\" data-search=\"false\" data-search-placeholder=\"Vous \u00eates ?\" data-checkbox=\"false\" data-allow-clear=\"false\" aria-labelledby=\"forminator-form-2456__field--select-1_69e61386a291d-label\"><option value=\"\" disabled selected>Vous \u00eates ?<\/option><option value=\"agent_immo\"  data-calculation=\"0\">Agent immobilier<\/option><option value=\"prom_immo\"  data-calculation=\"0\">Promoteur<\/option><option value=\"autre\"  data-calculation=\"0\">Autre<\/option><\/select><\/div><\/div><\/div><div class=\"forminator-row\"><div id=\"textarea-1\" class=\"forminator-field-textarea forminator-col forminator-col-12 \"><div class=\"forminator-field\"><label for=\"forminator-field-textarea-1_69e61386a291d\" id=\"forminator-field-textarea-1_69e61386a291d-label\" class=\"forminator-label\">Message <span class=\"forminator-required\">*<\/span><\/label><textarea name=\"textarea-1\" placeholder=\"\" id=\"forminator-field-textarea-1_69e61386a291d\" class=\"forminator-textarea\" rows=\"6\" style=\"min-height:140px;\" maxlength=\"1000\" ><\/textarea><span id=\"forminator-field-textarea-1_69e61386a291d-description\" class=\"forminator-description\"><span data-limit=\"1000\" data-type=\"characters\" data-editor=\"\">0 \/ 1000<\/span><\/span><\/div><\/div><\/div><div class=\"forminator-row\"><div id=\"captcha-1\" class=\"forminator-field-captcha forminator-col forminator-col-12 \"><div class=\"forminator-captcha-left forminator-g-recaptcha recaptcha-invisible\" data-theme=\"light\" data-badge=\"inline\" data-sitekey=\"6Ld73JwiAAAAAAcArZFB4R9C15WzAuyki1t5pKAq\" data-size=\"invisible\"><\/div> <\/div><\/div><div class=\"forminator-row forminator-hidden\"><input type=\"hidden\" id=\"hidden-1_69e61386a291d\" name=\"hidden-1\" value=\"\" \/><\/div><div class=\"forminator-row forminator-hidden\"><input type=\"hidden\" id=\"hidden-2_69e61386a291d\" name=\"hidden-2\" value=\"\" \/><\/div><div class=\"forminator-row forminator-hidden\"><input type=\"hidden\" id=\"hidden-3_69e61386a291d\" name=\"hidden-3\" value=\"\" \/><\/div><div class=\"forminator-row forminator-hidden\"><input type=\"hidden\" id=\"hidden-4_69e61386a291d\" name=\"hidden-4\" value=\"\" \/><\/div><div class=\"forminator-row forminator-hidden\"><input type=\"hidden\" id=\"hidden-5_69e61386a291d\" name=\"hidden-5\" value=\"\" \/><\/div><input type=\"hidden\" name=\"referer_url\" value=\"\" \/><div class=\"forminator-row forminator-row-last\"><div class=\"forminator-col\"><div class=\"forminator-field\"><button class=\"forminator-button forminator-button-submit eventSubmit\">Envoyer<\/button><\/div><\/div><\/div><input type=\"hidden\" id=\"forminator_nonce\" name=\"forminator_nonce\" value=\"52d6aaeea3\" \/><input type=\"hidden\" name=\"_wp_http_referer\" value=\"\/fr\/wp-json\/wp\/v2\/pages\/8133\" \/><input type=\"hidden\" name=\"form_id\" value=\"2456\"><input type=\"hidden\" name=\"page_id\" value=\"8133\"><input type=\"hidden\" name=\"form_type\" value=\"default\"><input type=\"hidden\" name=\"current_url\" value=\"https:\/\/urbiz.mfmdigital.ovh\/fr\/contact\/\"><input type=\"hidden\" name=\"render_id\" value=\"0\"><input type=\"hidden\" name=\"action\" value=\"forminator_submit_form_custom-forms\"><\/form><\/div>\n\t\t\t\t\t\t<\/div>\n\t\t\t\t<\/div>\n\t\t\t\t\t<\/div>\n\t\t<\/div>\n\t\t\t\t\t<\/div>\n\t\t<\/section>\n\t\t\t\t<\/div>\n\t\t","protected":false},"excerpt":{"rendered":"<p>Comment pouvons-nous vous aider? Votre exp\u00e9rience chez URBIZ est importante pour nous. Si vous avez besoin d&rsquo;aide ou si vous souhaitez discuter d&rsquo;une demande particuli\u00e8re, nous sommes disponibles pour vous accompagner \u00e0 chaque \u00e9tape. Nous sommes \u00e0 votre \u00e9coute ! Pour nous contacter Email :\u00a0hello@urbiz.mfmdigital.ovh T\u00e9l\u00e9phone : +32 2 880 96 94 Adresse :\u00a0Rue Middelbourg [&hellip;]<\/p>\n","protected":false},"author":1,"featured_media":0,"parent":0,"menu_order":0,"comment_status":"closed","ping_status":"closed","template":"","meta":{"_acf_changed":false,"footnotes":""},"class_list":["post-8133","page","type-page","status-publish","hentry"],"acf":[],"_links":{"self":[{"href":"https:\/\/urbiz.mfmdigital.ovh\/fr\/wp-json\/wp\/v2\/pages\/8133","targetHints":{"allow":["GET"]}}],"collection":[{"href":"https:\/\/urbiz.mfmdigital.ovh\/fr\/wp-json\/wp\/v2\/pages"}],"about":[{"href":"https:\/\/urbiz.mfmdigital.ovh\/fr\/wp-json\/wp\/v2\/types\/page"}],"author":[{"embeddable":true,"href":"https:\/\/urbiz.mfmdigital.ovh\/fr\/wp-json\/wp\/v2\/users\/1"}],"replies":[{"embeddable":true,"href":"https:\/\/urbiz.mfmdigital.ovh\/fr\/wp-json\/wp\/v2\/comments?post=8133"}],"version-history":[{"count":88,"href":"https:\/\/urbiz.mfmdigital.ovh\/fr\/wp-json\/wp\/v2\/pages\/8133\/revisions"}],"predecessor-version":[{"id":34753,"href":"https:\/\/urbiz.mfmdigital.ovh\/fr\/wp-json\/wp\/v2\/pages\/8133\/revisions\/34753"}],"wp:attachment":[{"href":"https:\/\/urbiz.mfmdigital.ovh\/fr\/wp-json\/wp\/v2\/media?parent=8133"}],"curies":[{"name":"wp","href":"https:\/\/api.w.org\/{rel}","templated":true}]}}