{"id":9070,"date":"2024-08-21T12:25:25","date_gmt":"2024-08-21T10:25:25","guid":{"rendered":"https:\/\/urbiz.mfmdigital.ovh\/\/?page_id=9070"},"modified":"2024-10-21T11:47:45","modified_gmt":"2024-10-21T09:47:45","slug":"inscription","status":"publish","type":"page","link":"https:\/\/urbiz.mfmdigital.ovh\/fr\/inscription\/","title":{"rendered":"inscription"},"content":{"rendered":"\t\t<div data-elementor-type=\"wp-page\" data-elementor-id=\"9070\" class=\"elementor elementor-9070\" data-elementor-post-type=\"page\">\n\t\t\t\t\t\t<section class=\"elementor-section elementor-top-section elementor-element elementor-element-28342d1 elementor-section-stretched elementor-section-full_width elementor-section-height-default elementor-section-height-default\" data-id=\"28342d1\" data-element_type=\"section\" id=\"register-form-section\" data-settings=\"{&quot;stretch_section&quot;:&quot;section-stretched&quot;}\">\n\t\t\t\t\t\t<div class=\"elementor-container elementor-column-gap-custom\">\n\t\t\t\t\t<div class=\"elementor-column elementor-col-100 elementor-top-column elementor-element elementor-element-ff67ecc\" data-id=\"ff67ecc\" data-element_type=\"column\">\n\t\t\t<div class=\"elementor-widget-wrap elementor-element-populated\">\n\t\t\t\t\t\t<div class=\"elementor-element elementor-element-34f55db elementor-widget elementor-widget-text-editor\" data-id=\"34f55db\" data-element_type=\"widget\" data-widget_type=\"text-editor.default\">\n\t\t\t\t<div class=\"elementor-widget-container\">\n\t\t\t\t\t\t\t\t\t<p>\r\n    <ul class=\"multi-step-bar\">\r\n        <li data-step=\"1\" class=\"active\"><\/li>\r\n        <li data-step=\"2\"><\/li>\r\n        <li><\/li>\r\n    <\/ul>\r\n<div id=\"my-subscribe-form\">\r\n\r\n    <div>\r\n        <form id=\"urbis-sub-form\" action=\"\">\r\n            <div class=\"step-form\" data-step=\"1\">\r\n                <div class=\"step-head\">\r\n                    <h3>Informations personnelles<\/h3>\r\n                <\/div>\r\n                <!-- <input type=\"hidden\" name=\"action\" value=\"register_user_form\"> -->\r\n                <input type=\"hidden\" name=\"plan[name]\" value=\"premium\">\r\n                <input type=\"hidden\" name=\"plan[period]\" value=\"monthly\">\r\n                <input type=\"hidden\" name=\"plan[users]\" value=\"1\">\r\n                <input type=\"hidden\" name=\"formpage\" value=\"inscription\">\r\n                <input type=\"hidden\" name=\"agency_phone\" value=\"\">\r\n\r\n                <div class=\"frow\">\r\n                    <div class=\"input-container\">\r\n                        <input type=\"text\" name=\"lname\" id=\"urb-lname\" required placeholder=\"\">\r\n                        <label for=\"urb-lname\">Nom<\/label>\r\n                    <\/div>\r\n                    <div class=\"input-container\">\r\n                        <input type=\"text\" name=\"fname\" id=\"urb-fname\" required placeholder=\"\">\r\n                        <label for=\"urb-fname\">Pr\u00e9nom<\/label>\r\n                    <\/div>\r\n\r\n                <\/div>\r\n                <div class=\"frow\">\r\n                    <div class=\"input-container\">\r\n                        <input type=\"email\" name=\"email\" id=\"urb-email\" required placeholder=\"\">\r\n                        <label for=\"urb-email\">Email<\/label>\r\n                    <\/div>\r\n                    <div class=\"input-container\">\r\n                        <input type=\"password\" name=\"password\" id=\"urb-password\" required placeholder=\"\">\r\n                        <label for=\"urb-password\">Mot de passe<\/label>\r\n                    <\/div>\r\n\r\n                <\/div>\r\n\r\n\r\n\r\n                <div class=\"frow\">\r\n\r\n                    <div class=\"input-container\">\r\n                        <input type=\"text\" name=\"ipi\" id=\"urb-ipi\" required placeholder=\"\">\r\n                        <label for=\"urb-ipi\">Num\u00e9ro IPI<\/label>\r\n                    <\/div>\r\n\r\n                    <div class=\"input-container\">\r\n                        <input type=\"text\" name=\"agency_name\" id=\"urb-agencyname\" required placeholder=\"\">\r\n                        <label for=\"urb-agencyname\">Nom de l&rsquo;agence<\/label>\r\n                    <\/div>\r\n\r\n                <\/div>\r\n\r\n\r\n                <div class=\"frow\">\r\n\r\n                                        <div class=\"input-container\" data-input=\"promo\" style=\"display: none;\">\r\n                            <i><\/i>\r\n                            <input type=\"text\" name=\"coupon\" id=\"urb-coupon\" class=\"coupon\" placeholder=\"\">\r\n                            <label for=\"urb-coupon\">Code promo (optionnel)<\/label>\r\n                        <\/div>\r\n                        \r\n\r\n                <\/div>\r\n\r\n                <div class=\"data-inputs\">\r\n                                                                    <p data-input=\"promo\">Code promo ?<\/p>\r\n                            \r\n                <\/div>\r\n\r\n\r\n                <div class=\"errorMsg\"><\/div>\r\n\r\n                <div style=\"text-align: center;\">\r\n                    <button class=\"btn next\">Continuer<\/button>\r\n                <\/div>\r\n\r\n            <\/div>\r\n        <\/form>\r\n    <\/div>\r\n    <div style=\"display: none;\" id=\"chosePlan\">\r\n        <h3 class=\"chooseplan\">\r\n            Choisissez votre plan        <\/h3>\r\n        \r\n<div class=\"product-prices-container\">\r\n<form id=\"products-prices\" class=\"\" data-prices=\"{&quot;premium&quot;:{&quot;1&quot;:{&quot;annualy&quot;:1490,&quot;monthly&quot;:149},&quot;2&quot;:{&quot;annualy&quot;:1990,&quot;monthly&quot;:199},&quot;3&quot;:{&quot;annualy&quot;:2490,&quot;monthly&quot;:249},&quot;4&quot;:{&quot;annualy&quot;:2740,&quot;monthly&quot;:274},&quot;5&quot;:{&quot;annualy&quot;:2990,&quot;monthly&quot;:299},&quot;6&quot;:{&quot;annualy&quot;:3240,&quot;monthly&quot;:324},&quot;7&quot;:{&quot;annualy&quot;:3490,&quot;monthly&quot;:349},&quot;8&quot;:{&quot;annualy&quot;:3740,&quot;monthly&quot;:374},&quot;9&quot;:{&quot;annualy&quot;:3990,&quot;monthly&quot;:399},&quot;10&quot;:{&quot;annualy&quot;:4240,&quot;monthly&quot;:424}},&quot;mls&quot;:{&quot;1&quot;:{&quot;annualy&quot;:690,&quot;monthly&quot;:69},&quot;2&quot;:{&quot;annualy&quot;:890,&quot;monthly&quot;:89},&quot;3&quot;:{&quot;annualy&quot;:1090,&quot;monthly&quot;:109},&quot;4&quot;:{&quot;annualy&quot;:1190,&quot;monthly&quot;:119},&quot;5&quot;:{&quot;annualy&quot;:1290,&quot;monthly&quot;:129},&quot;6&quot;:{&quot;annualy&quot;:1390,&quot;monthly&quot;:139},&quot;7&quot;:{&quot;annualy&quot;:1490,&quot;monthly&quot;:149},&quot;8&quot;:{&quot;annualy&quot;:1590,&quot;monthly&quot;:159},&quot;9&quot;:{&quot;annualy&quot;:1690,&quot;monthly&quot;:169},&quot;10&quot;:{&quot;annualy&quot;:1790,&quot;monthly&quot;:179}},&quot;neuf&quot;:{&quot;1&quot;:{&quot;annualy&quot;:1190,&quot;monthly&quot;:119},&quot;2&quot;:{&quot;annualy&quot;:1590,&quot;monthly&quot;:159},&quot;3&quot;:{&quot;annualy&quot;:1990,&quot;monthly&quot;:199},&quot;4&quot;:{&quot;annualy&quot;:2190,&quot;monthly&quot;:219},&quot;5&quot;:{&quot;annualy&quot;:2390,&quot;monthly&quot;:239},&quot;6&quot;:{&quot;annualy&quot;:2590,&quot;monthly&quot;:259},&quot;7&quot;:{&quot;annualy&quot;:2790,&quot;monthly&quot;:279},&quot;8&quot;:{&quot;annualy&quot;:2990,&quot;monthly&quot;:299},&quot;9&quot;:{&quot;annualy&quot;:3190,&quot;monthly&quot;:319},&quot;10&quot;:{&quot;annualy&quot;:3390,&quot;monthly&quot;:339}}}\">\r\n\r\n    <div data-plan=\"mls\" data-type=\"mls\" class=\"\">\r\n        <h3>Formule MLS<\/h3>\r\n\r\n                <div>\r\n            <div>\r\n                <input type=\"hidden\" name=\"accounts\" value=\"1\">\r\n                <div id=\"slidernoui_mls\"><\/div>\r\n                <p class=\"numberaccount\">Nombre d&rsquo;utilisateurs : <span>1<\/span> <\/p>\r\n            <\/div>\r\n            <p style=\"text-align:center;margin-bottom:5px;\">HTVA<\/p>\r\n\r\n            <p class=\"product-price updatable\"><span class=\"amount\">0<\/span><span class=\"devise\">\u20ac<\/span><span class=\"period\">\/mois<\/span><\/p>\r\n            <p class=\"annualOffer\">2 mois offerts<\/p>\r\n            <div class=\"period-choose\">\r\n                <input type=\"radio\" name=\"period_mls\" id=\"perdioannualy_mls\" value=\"annualy\" >\r\n                <input type=\"radio\" name=\"period_mls\" id=\"perdiomonthly_mls\" value=\"monthly\" checked>\r\n                <label for=\"perdiomonthly_mls\">\r\n                    <span>Mensuel<\/span>\r\n                <\/label>\r\n                <label for=\"perdioannualy_mls\">\r\n                    <span>Annuel<\/span>\r\n                <\/label>\r\n            <\/div>\r\n        <\/div>\r\n        <div>\r\n            <span class=\"include\">Inclus<\/span> :\r\n            <ul>\r\n                <li>Cr\u00e9ation du profil personnalis\u00e9 de l&rsquo;agence<\/li>\r\n                <li>Acc\u00e8s \u00e0 la plateforme Urbiz MLS<\/li>\r\n                <li>Collaboration illimit\u00e9e avec notre r\u00e9seau d&rsquo;agents immobiliers<\/li>\r\n            <\/ul>\r\n        <\/div>\r\n        <div>\r\n\r\n        <\/div>\r\n\r\n                        <a class=\"btn chose\">Choisir<\/a>\r\n                <a class=\"btn chosen\">Choisi<\/a>\r\n            \r\n\r\n\r\n    <\/div>\r\n<div data-plan=\"neuf\" data-type=\"neuf\" class=\"\">\r\n        <h3>Formule Projets neufs<\/h3>\r\n        <div>\r\n            <div>\r\n                <input type=\"hidden\" name=\"accounts\" value=\"1\">\r\n                <div id=\"slidernoui_neuf\"><\/div>\r\n                <p class=\"numberaccount\">Nombre d&rsquo;utilisateurs : <span>1<\/span> <\/p>\r\n            <\/div>\r\n            <p style=\"text-align:center;margin-bottom:5px;\">HTVA<\/p>\r\n\r\n            <p class=\"product-price updatable\"><span class=\"amount\">0<\/span><span class=\"devise\">\u20ac<\/span><span class=\"period\">\/mois<\/span><\/p>\r\n            <p class=\"annualOffer\">2 mois offerts<\/p>\r\n            <div class=\"period-choose\">\r\n                <input type=\"radio\" name=\"period_neuf\" id=\"perdioannualy_neuf\" value=\"annualy\" >\r\n                <input type=\"radio\" name=\"period_neuf\" id=\"perdiomonthly_neuf\" value=\"monthly\" checked>\r\n                <label for=\"perdiomonthly_neuf\">\r\n                    <span>Mensuel<\/span>\r\n                <\/label>\r\n                <label for=\"perdioannualy_neuf\">\r\n                    <span>Annuel<\/span>\r\n                <\/label>\r\n            <\/div>\r\n        <\/div>\r\n        <div>\r\n            <span class=\"include\">Inclus<\/span> :\r\n            <ul>\r\n                <li>Cr\u00e9ation du profil personnalis\u00e9 de l&rsquo;agence<\/li>\r\n                <li>Acc\u00e8s \u00e0 la plateforme Urbiz<\/li>\r\n                <li>Demande de collaboration illimit\u00e9e<\/li>\r\n                <li>Support prioritaire avec un r\u00e9f\u00e9rent sp\u00e9cialis\u00e9 dans la vente de biens neufs<\/li>\r\n            <\/ul>\r\n        <\/div>\r\n\r\n                        <a class=\"btn chose\">Choisir<\/a>\r\n                <a class=\"btn chosen\">Choisi<\/a>\r\n            \r\n\r\n\r\n    <\/div>\r\n    \r\n        <div data-plan=\"premium\" data-type=\"premium\" class=\"active \">\r\n        <h3>Formule MLS + Projets neufs<\/h3>\r\n        <div>\r\n            <div>\r\n                <input type=\"hidden\" name=\"accounts\" value=\"1\">\r\n                <div id=\"slidernoui_premium\"><\/div>\r\n                <p class=\"numberaccount\">Nombre d&rsquo;utilisateurs : <span>1<\/span> <\/p>\r\n            <\/div>\r\n            <p style=\"text-align:center;margin-bottom:5px;\">HTVA<\/p>\r\n\r\n            <p class=\"product-price updatable\"><span class=\"amount\">0<\/span><span class=\"devise\">\u20ac<\/span><span class=\"period\">\/mois<\/span><\/p>\r\n            <p class=\"annualOffer\">2 mois offerts<\/p>\r\n            <div class=\"period-choose\">\r\n                <input type=\"radio\" name=\"period_premium\" id=\"perdioannualy\" value=\"annualy\" >\r\n                <input type=\"radio\" name=\"period_premium\" id=\"perdiomonthly\" value=\"monthly\" checked>\r\n                <label for=\"perdiomonthly\">\r\n                    <span>Mensuel<\/span>\r\n                <\/label>\r\n                <label for=\"perdioannualy\">\r\n                    <span>Annuel<\/span>\r\n                <\/label>\r\n            <\/div>\r\n        <\/div>\r\n        <div>\r\n            <span class=\"include\">Inclus :<\/span>\r\n            <ul>\r\n                <li>Cr\u00e9ation du profil personnalis\u00e9 de l&rsquo;agence<\/li>\r\n                <li>Acc\u00e8s \u00e0 la plateforme Urbiz + Urbiz MLS<\/li>\r\n                <li>Demande de collaboration illimit\u00e9e<\/li>\r\n                <li>Support prioritaire avec un r\u00e9f\u00e9rent sp\u00e9cialis\u00e9 dans la vente de biens neufs<\/li>\r\n                <li>Collaboration illimit\u00e9e avec notre r\u00e9seau d&rsquo;agents immobiliers<\/li>\r\n            <\/ul>\r\n        <\/div>\r\n\r\n                        <a class=\"btn chose\">Choisir<\/a>\r\n                <a class=\"btn chosen\">Choisi<\/a>\r\n            \r\n\r\n\r\n    <\/div>\r\n            \r\n    \r\n<\/form>\r\n<\/div>\r\n        <!-- <div class=\"errorMsg\"><\/div> -->\r\n        <div style=\"text-align:center\"><button class=\"confirm-subscription btn btn-big\">Valider<\/button><\/div>    <\/div>\r\n\r\n<\/div><\/p>\t\t\t\t\t\t\t\t<\/div>\n\t\t\t\t<\/div>\n\t\t\t\t\t<\/div>\n\t\t<\/div>\n\t\t\t\t\t<\/div>\n\t\t<\/section>\n\t\t\t\t<section class=\"elementor-section elementor-top-section elementor-element elementor-element-3c45db9 elementor-section-boxed elementor-section-height-default elementor-section-height-default\" data-id=\"3c45db9\" data-element_type=\"section\">\n\t\t\t\t\t\t<div class=\"elementor-container elementor-column-gap-default\">\n\t\t\t\t\t<div class=\"elementor-column elementor-col-100 elementor-top-column elementor-element elementor-element-24d082c\" data-id=\"24d082c\" data-element_type=\"column\">\n\t\t\t<div class=\"elementor-widget-wrap\">\n\t\t\t\t\t\t\t<\/div>\n\t\t<\/div>\n\t\t\t\t\t<\/div>\n\t\t<\/section>\n\t\t\t\t<\/div>\n\t\t","protected":false},"excerpt":{"rendered":"","protected":false},"author":1,"featured_media":0,"parent":0,"menu_order":0,"comment_status":"closed","ping_status":"closed","template":"","meta":{"_acf_changed":false,"footnotes":""},"class_list":["post-9070","page","type-page","status-publish","hentry"],"acf":[],"_links":{"self":[{"href":"https:\/\/urbiz.mfmdigital.ovh\/fr\/wp-json\/wp\/v2\/pages\/9070","targetHints":{"allow":["GET"]}}],"collection":[{"href":"https:\/\/urbiz.mfmdigital.ovh\/fr\/wp-json\/wp\/v2\/pages"}],"about":[{"href":"https:\/\/urbiz.mfmdigital.ovh\/fr\/wp-json\/wp\/v2\/types\/page"}],"author":[{"embeddable":true,"href":"https:\/\/urbiz.mfmdigital.ovh\/fr\/wp-json\/wp\/v2\/users\/1"}],"replies":[{"embeddable":true,"href":"https:\/\/urbiz.mfmdigital.ovh\/fr\/wp-json\/wp\/v2\/comments?post=9070"}],"version-history":[{"count":37,"href":"https:\/\/urbiz.mfmdigital.ovh\/fr\/wp-json\/wp\/v2\/pages\/9070\/revisions"}],"predecessor-version":[{"id":37332,"href":"https:\/\/urbiz.mfmdigital.ovh\/fr\/wp-json\/wp\/v2\/pages\/9070\/revisions\/37332"}],"wp:attachment":[{"href":"https:\/\/urbiz.mfmdigital.ovh\/fr\/wp-json\/wp\/v2\/media?parent=9070"}],"curies":[{"name":"wp","href":"https:\/\/api.w.org\/{rel}","templated":true}]}}