{"id":37222,"date":"2024-08-09T12:11:33","date_gmt":"2024-08-09T10:11:33","guid":{"rendered":"https:\/\/urbiz.mfmdigital.ovh\/\/faq-nouveau\/"},"modified":"2024-08-09T12:11:33","modified_gmt":"2024-08-09T10:11:33","slug":"faq-nouveau","status":"publish","type":"page","link":"https:\/\/urbiz.mfmdigital.ovh\/nl\/faq-nouveau\/","title":{"rendered":"FAQ"},"content":{"rendered":"\t\t<div data-elementor-type=\"wp-page\" data-elementor-id=\"37222\" class=\"elementor elementor-37222 elementor-8145\" data-elementor-post-type=\"page\">\n\t\t\t\t\t\t<section class=\"elementor-section elementor-top-section elementor-element elementor-element-5f4a769 elementor-section-boxed elementor-section-height-default elementor-section-height-default\" data-id=\"5f4a769\" data-element_type=\"section\">\n\t\t\t\t\t\t<div class=\"elementor-container elementor-column-gap-default\">\n\t\t\t\t\t<div class=\"elementor-column elementor-col-100 elementor-top-column elementor-element elementor-element-94b0c80\" data-id=\"94b0c80\" data-element_type=\"column\">\n\t\t\t<div class=\"elementor-widget-wrap elementor-element-populated\">\n\t\t\t\t\t\t<div class=\"elementor-element elementor-element-15cc111 elementor-widget elementor-widget-heading\" data-id=\"15cc111\" data-element_type=\"widget\" data-widget_type=\"heading.default\">\n\t\t\t\t<div class=\"elementor-widget-container\">\n\t\t\t\t\t<h2 class=\"elementor-heading-title elementor-size-default\">Aide &amp; Support<\/h2>\t\t\t\t<\/div>\n\t\t\t\t<\/div>\n\t\t\t\t<div class=\"elementor-element elementor-element-710e64e elementor-widget elementor-widget-text-editor\" data-id=\"710e64e\" data-element_type=\"widget\" data-widget_type=\"text-editor.default\">\n\t\t\t\t<div class=\"elementor-widget-container\">\n\t\t\t\t\t\t\t\t\tVous avez une question ? Consultez notre FAQ ou contactez-nous pour une assistance rapide.\t\t\t\t\t\t\t\t<\/div>\n\t\t\t\t<\/div>\n\t\t\t\t<div class=\"elementor-element elementor-element-52585c4 elementor-widget__width-auto subscribeBtn elementor-widget elementor-widget-button\" data-id=\"52585c4\" data-element_type=\"widget\" data-widget_type=\"button.default\">\n\t\t\t\t<div class=\"elementor-widget-container\">\n\t\t\t\t\t\t\t\t\t<div class=\"elementor-button-wrapper\">\n\t\t\t\t\t<a class=\"elementor-button elementor-button-link elementor-size-sm\" href=\"https:\/\/urbiz.mfmdigital.ovh\/fr\/inscription\/\">\n\t\t\t\t\t\t<span class=\"elementor-button-content-wrapper\">\n\t\t\t\t\t\t<span class=\"elementor-button-icon\">\n\t\t\t\t<i aria-hidden=\"true\" class=\"fas fa-arrow-right\"><\/i>\t\t\t<\/span>\n\t\t\t\t\t\t\t\t\t<span class=\"elementor-button-text\">inscrivez-vous<\/span>\n\t\t\t\t\t<\/span>\n\t\t\t\t\t<\/a>\n\t\t\t\t<\/div>\n\t\t\t\t\t\t\t\t<\/div>\n\t\t\t\t<\/div>\n\t\t\t\t<div class=\"elementor-element elementor-element-0ff6649 elementor-widget__width-auto elementor-widget elementor-widget-button\" data-id=\"0ff6649\" data-element_type=\"widget\" data-widget_type=\"button.default\">\n\t\t\t\t<div class=\"elementor-widget-container\">\n\t\t\t\t\t\t\t\t\t<div class=\"elementor-button-wrapper\">\n\t\t\t\t\t<a class=\"elementor-button elementor-button-link elementor-size-sm\" href=\"https:\/\/urbiz.mfmagenda.com\/hello\/\">\n\t\t\t\t\t\t<span class=\"elementor-button-content-wrapper\">\n\t\t\t\t\t\t<span class=\"elementor-button-icon\">\n\t\t\t\t<i aria-hidden=\"true\" class=\"fas fa-arrow-right\"><\/i>\t\t\t<\/span>\n\t\t\t\t\t\t\t\t\t<span class=\"elementor-button-text\">Je veux une demo<\/span>\n\t\t\t\t\t<\/span>\n\t\t\t\t\t<\/a>\n\t\t\t\t<\/div>\n\t\t\t\t\t\t\t\t<\/div>\n\t\t\t\t<\/div>\n\t\t\t\t\t<\/div>\n\t\t<\/div>\n\t\t\t\t\t<\/div>\n\t\t<\/section>\n\t\t\t\t<section class=\"elementor-section elementor-top-section elementor-element elementor-element-6613019 elementor-section-full_width elementor-section-stretched elementor-section-height-default elementor-section-height-default\" data-id=\"6613019\" data-element_type=\"section\" data-settings=\"{&quot;background_background&quot;:&quot;classic&quot;,&quot;stretch_section&quot;:&quot;section-stretched&quot;}\">\n\t\t\t\t\t\t<div class=\"elementor-container elementor-column-gap-default\">\n\t\t\t\t\t<div class=\"elementor-column elementor-col-100 elementor-top-column elementor-element elementor-element-94387a4\" data-id=\"94387a4\" data-element_type=\"column\">\n\t\t\t<div class=\"elementor-widget-wrap elementor-element-populated\">\n\t\t\t\t\t\t<div class=\"elementor-element elementor-element-2600644 elementor-widget__width-initial elementor-widget elementor-widget-accordion\" data-id=\"2600644\" data-element_type=\"widget\" data-widget_type=\"accordion.default\">\n\t\t\t\t<div class=\"elementor-widget-container\">\n\t\t\t\t\t\t\t<div class=\"elementor-accordion\">\n\t\t\t\t\t\t\t<div class=\"elementor-accordion-item\">\n\t\t\t\t\t<div id=\"elementor-tab-title-3981\" class=\"elementor-tab-title\" data-tab=\"1\" role=\"button\" aria-controls=\"elementor-tab-content-3981\" aria-expanded=\"false\">\n\t\t\t\t\t\t\t\t\t\t\t\t\t<span class=\"elementor-accordion-icon elementor-accordion-icon-right\" aria-hidden=\"true\">\n\t\t\t\t\t\t\t\t\t\t\t\t\t\t\t<span class=\"elementor-accordion-icon-closed\"><i class=\"fas fa-chevron-down\"><\/i><\/span>\n\t\t\t\t\t\t\t\t<span class=\"elementor-accordion-icon-opened\"><i class=\"fas fa-chevron-up\"><\/i><\/span>\n\t\t\t\t\t\t\t\t\t\t\t\t\t\t<\/span>\n\t\t\t\t\t\t\t\t\t\t\t\t<a class=\"elementor-accordion-title\" tabindex=\"0\">Comment puis-je m\u2019inscrire sur la plateforme ?<\/a>\n\t\t\t\t\t<\/div>\n\t\t\t\t\t<div id=\"elementor-tab-content-3981\" class=\"elementor-tab-content elementor-clearfix\" data-tab=\"1\" role=\"region\" aria-labelledby=\"elementor-tab-title-3981\">Pour vous inscrire, cliquez sur le bouton &#8220;S&#8217;inscrire&#8221; sur notre page d&#8217;accueil et remplissez le formulaire avec vos informations professionnelles. Une fois votre compte valid\u00e9, vous pourrez acc\u00e9der \u00e0 toutes nos fonctionnalit\u00e9s.\n\n<\/div>\n\t\t\t\t<\/div>\n\t\t\t\t\t\t\t<div class=\"elementor-accordion-item\">\n\t\t\t\t\t<div id=\"elementor-tab-title-3982\" class=\"elementor-tab-title\" data-tab=\"2\" role=\"button\" aria-controls=\"elementor-tab-content-3982\" aria-expanded=\"false\">\n\t\t\t\t\t\t\t\t\t\t\t\t\t<span class=\"elementor-accordion-icon elementor-accordion-icon-right\" aria-hidden=\"true\">\n\t\t\t\t\t\t\t\t\t\t\t\t\t\t\t<span class=\"elementor-accordion-icon-closed\"><i class=\"fas fa-chevron-down\"><\/i><\/span>\n\t\t\t\t\t\t\t\t<span class=\"elementor-accordion-icon-opened\"><i class=\"fas fa-chevron-up\"><\/i><\/span>\n\t\t\t\t\t\t\t\t\t\t\t\t\t\t<\/span>\n\t\t\t\t\t\t\t\t\t\t\t\t<a class=\"elementor-accordion-title\" tabindex=\"0\">Quels types de biens immobiliers peuvent \u00eatre list\u00e9s sur la plateforme<\/a>\n\t\t\t\t\t<\/div>\n\t\t\t\t\t<div id=\"elementor-tab-content-3982\" class=\"elementor-tab-content elementor-clearfix\" data-tab=\"2\" role=\"region\" aria-labelledby=\"elementor-tab-title-3982\">Vous pouvez lister une multitude de biens neufs et des biens existants. La plateforme est con\u00e7ue pour accueillir une large gamme de propri\u00e9t\u00e9s\n\n<\/div>\n\t\t\t\t<\/div>\n\t\t\t\t\t\t\t<div class=\"elementor-accordion-item\">\n\t\t\t\t\t<div id=\"elementor-tab-title-3983\" class=\"elementor-tab-title\" data-tab=\"3\" role=\"button\" aria-controls=\"elementor-tab-content-3983\" aria-expanded=\"false\">\n\t\t\t\t\t\t\t\t\t\t\t\t\t<span class=\"elementor-accordion-icon elementor-accordion-icon-right\" aria-hidden=\"true\">\n\t\t\t\t\t\t\t\t\t\t\t\t\t\t\t<span class=\"elementor-accordion-icon-closed\"><i class=\"fas fa-chevron-down\"><\/i><\/span>\n\t\t\t\t\t\t\t\t<span class=\"elementor-accordion-icon-opened\"><i class=\"fas fa-chevron-up\"><\/i><\/span>\n\t\t\t\t\t\t\t\t\t\t\t\t\t\t<\/span>\n\t\t\t\t\t\t\t\t\t\t\t\t<a class=\"elementor-accordion-title\" tabindex=\"0\">Est-ce que la plateforme est adapt\u00e9e pour les petites agences immo ?<\/a>\n\t\t\t\t\t<\/div>\n\t\t\t\t\t<div id=\"elementor-tab-content-3983\" class=\"elementor-tab-content elementor-clearfix\" data-tab=\"3\" role=\"region\" aria-labelledby=\"elementor-tab-title-3983\">Oui, notre plateforme est con\u00e7ue pour \u00eatre utilis\u00e9e par des agences de toutes tailles, y compris les petites agences, \u00e0 la seule condition d\u2019avoir une agr\u00e9gation IPI.\n\n<\/div>\n\t\t\t\t<\/div>\n\t\t\t\t\t\t\t<div class=\"elementor-accordion-item\">\n\t\t\t\t\t<div id=\"elementor-tab-title-3984\" class=\"elementor-tab-title\" data-tab=\"4\" role=\"button\" aria-controls=\"elementor-tab-content-3984\" aria-expanded=\"false\">\n\t\t\t\t\t\t\t\t\t\t\t\t\t<span class=\"elementor-accordion-icon elementor-accordion-icon-right\" aria-hidden=\"true\">\n\t\t\t\t\t\t\t\t\t\t\t\t\t\t\t<span class=\"elementor-accordion-icon-closed\"><i class=\"fas fa-chevron-down\"><\/i><\/span>\n\t\t\t\t\t\t\t\t<span class=\"elementor-accordion-icon-opened\"><i class=\"fas fa-chevron-up\"><\/i><\/span>\n\t\t\t\t\t\t\t\t\t\t\t\t\t\t<\/span>\n\t\t\t\t\t\t\t\t\t\t\t\t<a class=\"elementor-accordion-title\" tabindex=\"0\">Quels sont les co\u00fbts associ\u00e9s \u00e0 l\u2019utilisation de la plateforme ?<\/a>\n\t\t\t\t\t<\/div>\n\t\t\t\t\t<div id=\"elementor-tab-content-3984\" class=\"elementor-tab-content elementor-clearfix\" data-tab=\"4\" role=\"region\" aria-labelledby=\"elementor-tab-title-3984\">Outre l\u2019abonnement par utilisateur, aucun co\u00fbt suppl\u00e9mentaire ne sera demand\u00e9. <\/div>\n\t\t\t\t<\/div>\n\t\t\t\t\t\t\t<div class=\"elementor-accordion-item\">\n\t\t\t\t\t<div id=\"elementor-tab-title-3985\" class=\"elementor-tab-title\" data-tab=\"5\" role=\"button\" aria-controls=\"elementor-tab-content-3985\" aria-expanded=\"false\">\n\t\t\t\t\t\t\t\t\t\t\t\t\t<span class=\"elementor-accordion-icon elementor-accordion-icon-right\" aria-hidden=\"true\">\n\t\t\t\t\t\t\t\t\t\t\t\t\t\t\t<span class=\"elementor-accordion-icon-closed\"><i class=\"fas fa-chevron-down\"><\/i><\/span>\n\t\t\t\t\t\t\t\t<span class=\"elementor-accordion-icon-opened\"><i class=\"fas fa-chevron-up\"><\/i><\/span>\n\t\t\t\t\t\t\t\t\t\t\t\t\t\t<\/span>\n\t\t\t\t\t\t\t\t\t\t\t\t<a class=\"elementor-accordion-title\" tabindex=\"0\">Est-ce que la plateforme supporte plusieurs utilisateurs avec des r\u00f4les diff\u00e9rents ?<\/a>\n\t\t\t\t\t<\/div>\n\t\t\t\t\t<div id=\"elementor-tab-content-3985\" class=\"elementor-tab-content elementor-clearfix\" data-tab=\"5\" role=\"region\" aria-labelledby=\"elementor-tab-title-3985\">Oui, la plateforme peut prendre en charge plusieurs utilisateurs provenant de diverses agences. \n\n<\/div>\n\t\t\t\t<\/div>\n\t\t\t\t\t\t\t<div class=\"elementor-accordion-item\">\n\t\t\t\t\t<div id=\"elementor-tab-title-3986\" class=\"elementor-tab-title\" data-tab=\"6\" role=\"button\" aria-controls=\"elementor-tab-content-3986\" aria-expanded=\"false\">\n\t\t\t\t\t\t\t\t\t\t\t\t\t<span class=\"elementor-accordion-icon elementor-accordion-icon-right\" aria-hidden=\"true\">\n\t\t\t\t\t\t\t\t\t\t\t\t\t\t\t<span class=\"elementor-accordion-icon-closed\"><i class=\"fas fa-chevron-down\"><\/i><\/span>\n\t\t\t\t\t\t\t\t<span class=\"elementor-accordion-icon-opened\"><i class=\"fas fa-chevron-up\"><\/i><\/span>\n\t\t\t\t\t\t\t\t\t\t\t\t\t\t<\/span>\n\t\t\t\t\t\t\t\t\t\t\t\t<a class=\"elementor-accordion-title\" tabindex=\"0\">Offrez-vous un service de cr\u00e9ation de site web ?<\/a>\n\t\t\t\t\t<\/div>\n\t\t\t\t\t<div id=\"elementor-tab-content-3986\" class=\"elementor-tab-content elementor-clearfix\" data-tab=\"6\" role=\"region\" aria-labelledby=\"elementor-tab-title-3986\">Oui, nous offrons des services de cr\u00e9ation de sites internet professionnels sp\u00e9cifiquement con\u00e7us pour les promoteurs et agents immobiliers. Nos sites sont optimis\u00e9s pour le SEO, responsives et faciles \u00e0 g\u00e9rer.\n\n<\/div>\n\t\t\t\t<\/div>\n\t\t\t\t\t\t\t\t\t\t<script type=\"application\/ld+json\">{\"@context\":\"https:\\\/\\\/schema.org\",\"@type\":\"FAQPage\",\"mainEntity\":[{\"@type\":\"Question\",\"name\":\"Comment puis-je m\\u2019inscrire sur la plateforme ?\",\"acceptedAnswer\":{\"@type\":\"Answer\",\"text\":\"Pour vous inscrire, cliquez sur le bouton &#8220;S&#8217;inscrire&#8221; sur notre page d&#8217;accueil et remplissez le formulaire avec vos informations professionnelles. Une fois votre compte valid\\u00e9, vous pourrez acc\\u00e9der \\u00e0 toutes nos fonctionnalit\\u00e9s.\\n\\n\"}},{\"@type\":\"Question\",\"name\":\"Quels types de biens immobiliers peuvent \\u00eatre list\\u00e9s sur la plateforme\",\"acceptedAnswer\":{\"@type\":\"Answer\",\"text\":\"Vous pouvez lister une multitude de biens neufs et des biens existants. La plateforme est con\\u00e7ue pour accueillir une large gamme de propri\\u00e9t\\u00e9s\\n\\n\"}},{\"@type\":\"Question\",\"name\":\"Est-ce que la plateforme est adapt\\u00e9e pour les petites agences immo ?\",\"acceptedAnswer\":{\"@type\":\"Answer\",\"text\":\"Oui, notre plateforme est con\\u00e7ue pour \\u00eatre utilis\\u00e9e par des agences de toutes tailles, y compris les petites agences, \\u00e0 la seule condition d\\u2019avoir une agr\\u00e9gation IPI.\\n\\n\"}},{\"@type\":\"Question\",\"name\":\"Quels sont les co\\u00fbts associ\\u00e9s \\u00e0 l\\u2019utilisation de la plateforme ?\",\"acceptedAnswer\":{\"@type\":\"Answer\",\"text\":\"Outre l\\u2019abonnement par utilisateur, aucun co\\u00fbt suppl\\u00e9mentaire ne sera demand\\u00e9. \"}},{\"@type\":\"Question\",\"name\":\"Est-ce que la plateforme supporte plusieurs utilisateurs avec des r\\u00f4les diff\\u00e9rents ?\",\"acceptedAnswer\":{\"@type\":\"Answer\",\"text\":\"Oui, la plateforme peut prendre en charge plusieurs utilisateurs provenant de diverses agences. \\n\\n\"}},{\"@type\":\"Question\",\"name\":\"Offrez-vous un service de cr\\u00e9ation de site web ?\",\"acceptedAnswer\":{\"@type\":\"Answer\",\"text\":\"Oui, nous offrons des services de cr\\u00e9ation de sites internet professionnels sp\\u00e9cifiquement con\\u00e7us pour les promoteurs et agents immobiliers. Nos sites sont optimis\\u00e9s pour le SEO, responsives et faciles \\u00e0 g\\u00e9rer.\\n\\n\"}}]}<\/script>\n\t\t\t\t\t<\/div>\n\t\t\t\t\t\t<\/div>\n\t\t\t\t<\/div>\n\t\t\t\t\t<\/div>\n\t\t<\/div>\n\t\t\t\t\t<\/div>\n\t\t<\/section>\n\t\t\t\t<\/div>\n\t\t","protected":false},"excerpt":{"rendered":"<p>Aide &amp; Support Vous avez une question ? Consultez notre FAQ ou contactez-nous pour une assistance rapide. inscrivez-vous Je veux une demo Comment puis-je m\u2019inscrire sur la plateforme ? Pour vous inscrire, cliquez sur le bouton &#8220;S&#8217;inscrire&#8221; sur notre page d&#8217;accueil et remplissez le formulaire avec vos informations professionnelles. Une fois votre compte valid\u00e9, vous [&hellip;]<\/p>\n","protected":false},"author":1,"featured_media":0,"parent":0,"menu_order":0,"comment_status":"closed","ping_status":"closed","template":"","meta":{"_acf_changed":false,"footnotes":""},"class_list":["post-37222","page","type-page","status-publish","hentry"],"acf":[],"_links":{"self":[{"href":"https:\/\/urbiz.mfmdigital.ovh\/nl\/wp-json\/wp\/v2\/pages\/37222","targetHints":{"allow":["GET"]}}],"collection":[{"href":"https:\/\/urbiz.mfmdigital.ovh\/nl\/wp-json\/wp\/v2\/pages"}],"about":[{"href":"https:\/\/urbiz.mfmdigital.ovh\/nl\/wp-json\/wp\/v2\/types\/page"}],"author":[{"embeddable":true,"href":"https:\/\/urbiz.mfmdigital.ovh\/nl\/wp-json\/wp\/v2\/users\/1"}],"replies":[{"embeddable":true,"href":"https:\/\/urbiz.mfmdigital.ovh\/nl\/wp-json\/wp\/v2\/comments?post=37222"}],"version-history":[{"count":0,"href":"https:\/\/urbiz.mfmdigital.ovh\/nl\/wp-json\/wp\/v2\/pages\/37222\/revisions"}],"wp:attachment":[{"href":"https:\/\/urbiz.mfmdigital.ovh\/nl\/wp-json\/wp\/v2\/media?parent=37222"}],"curies":[{"name":"wp","href":"https:\/\/api.w.org\/{rel}","templated":true}]}}